{"id":258,"date":"2018-01-22T10:17:40","date_gmt":"2018-01-22T14:17:40","guid":{"rendered":"http:\/\/ayuntamiento.o\/transparencia\/?page_id=258"},"modified":"2025-04-28T15:20:55","modified_gmt":"2025-04-28T19:20:55","slug":"responsable-de-acceso-a-la-informacion","status":"publish","type":"page","link":"https:\/\/ayuntamientoloshidalgos.gob.do\/transparencia\/responsable-de-acceso-a-la-informacion\/","title":{"rendered":"Responsable de Acceso a la Informaci\u00f3n"},"content":{"rendered":"<h4><img loading=\"lazy\" width=\"250\" height=\"333\" class=\"alignnone size-medium wp-image-764\" src=\"http:\/\/ayuntamientoloshidalgos.gob.do\/transparencia\/wp-content\/uploads\/2021\/09\/WhatsApp-Image-2021-08-31-at-10.26.28-AM-250x333.jpeg\" alt=\"\" srcset=\"https:\/\/ayuntamientoloshidalgos.gob.do\/transparencia\/wp-content\/uploads\/2021\/09\/WhatsApp-Image-2021-08-31-at-10.26.28-AM-250x333.jpeg 250w, https:\/\/ayuntamientoloshidalgos.gob.do\/transparencia\/wp-content\/uploads\/2021\/09\/WhatsApp-Image-2021-08-31-at-10.26.28-AM-768x1024.jpeg 768w, https:\/\/ayuntamientoloshidalgos.gob.do\/transparencia\/wp-content\/uploads\/2021\/09\/WhatsApp-Image-2021-08-31-at-10.26.28-AM-700x933.jpeg 700w, https:\/\/ayuntamientoloshidalgos.gob.do\/transparencia\/wp-content\/uploads\/2021\/09\/WhatsApp-Image-2021-08-31-at-10.26.28-AM-120x160.jpeg 120w, https:\/\/ayuntamientoloshidalgos.gob.do\/transparencia\/wp-content\/uploads\/2021\/09\/WhatsApp-Image-2021-08-31-at-10.26.28-AM.jpeg 972w\" sizes=\"(max-width: 250px) 100vw, 250px\" \/><\/h4>\n<h4 class=\"paragraph ng-attr-widget\">Lcda. Lianuska E. De Jes\u00fas Santos Vargas<\/h4>\n<h4><strong>Responsable de Acceso a la Informaci\u00f3n (RAI)<\/strong><\/h4>\n<h4>Tel\u00e9fonos: 829-531-4559<\/h4>\n<h4>Correo: ayuntamientoloshidalgos@gmail.com<\/h4>\n<h4>Direcci\u00f3n: Calle Independencia No.1 , El Mamey Los Hidalgos, Provincia Puerto Plata, R.D.<\/h4>\n<p class=\"paragraph ng-attr-widget\">\n","protected":false},"excerpt":{"rendered":"Lcda. Lianuska E. De Jes\u00fas Santos Vargas Responsable de Acceso a la Informaci\u00f3n (RAI) Tel\u00e9fonos: 829-531-4559 Correo: ayuntamientoloshidalgos@gmail.com Direcci\u00f3n: Calle Independencia No.1 , El Mamey Los Hidalgos, Provincia Puerto Plata, R.D.","protected":false},"author":3,"featured_media":0,"parent":0,"menu_order":0,"comment_status":"closed","ping_status":"closed","template":"","meta":[],"acf":[],"_links":{"self":[{"href":"https:\/\/ayuntamientoloshidalgos.gob.do\/transparencia\/wp-json\/wp\/v2\/pages\/258"}],"collection":[{"href":"https:\/\/ayuntamientoloshidalgos.gob.do\/transparencia\/wp-json\/wp\/v2\/pages"}],"about":[{"href":"https:\/\/ayuntamientoloshidalgos.gob.do\/transparencia\/wp-json\/wp\/v2\/types\/page"}],"author":[{"embeddable":true,"href":"https:\/\/ayuntamientoloshidalgos.gob.do\/transparencia\/wp-json\/wp\/v2\/users\/3"}],"replies":[{"embeddable":true,"href":"https:\/\/ayuntamientoloshidalgos.gob.do\/transparencia\/wp-json\/wp\/v2\/comments?post=258"}],"version-history":[{"count":6,"href":"https:\/\/ayuntamientoloshidalgos.gob.do\/transparencia\/wp-json\/wp\/v2\/pages\/258\/revisions"}],"predecessor-version":[{"id":1178,"href":"https:\/\/ayuntamientoloshidalgos.gob.do\/transparencia\/wp-json\/wp\/v2\/pages\/258\/revisions\/1178"}],"wp:attachment":[{"href":"https:\/\/ayuntamientoloshidalgos.gob.do\/transparencia\/wp-json\/wp\/v2\/media?parent=258"}],"curies":[{"name":"wp","href":"https:\/\/api.w.org\/{rel}","templated":true}]}}